{"id":92,"date":"2023-12-15T04:24:16","date_gmt":"2023-12-15T04:24:16","guid":{"rendered":"https:\/\/innovaensalud.com\/?page_id=92"},"modified":"2023-12-15T04:31:03","modified_gmt":"2023-12-15T04:31:03","slug":"aviso-de-privacidad","status":"publish","type":"page","link":"https:\/\/innovaensalud.com\/index.php\/aviso-de-privacidad\/","title":{"rendered":"Aviso de privacidad"},"content":{"rendered":"<p>[et_pb_section admin_label=&#8221;section&#8221;]<br \/>\n\t\t\t[et_pb_row admin_label=&#8221;row&#8221;]<br \/>\n\t\t\t\t[et_pb_column type=&#8221;4_4&#8243;][et_pb_text admin_label=&#8221;Text&#8221;]<\/p>\n\n\n<h1 class=\"wp-block-heading\"><strong>Pol\u00edtica de privacidad<\/strong><\/h1>\n\n\n\n<h2 class=\"wp-block-heading\"><strong>\u00bfQui\u00e9nes somos?<\/strong><\/h2>\n\n\n\n<p>Innova en salud, con domicilio en Blvd. Gustavo D\u00edaz Ordaz 12649, Loc. 2-F, Fracc. El Para\u00edso 22106 Tijuana, Baja California, pa\u00eds M\u00e9xico, y portal de internet www.innovaensalud.com, responsable del uso y protecci\u00f3n de sus datos personales, y al respecto le informamos lo siguiente:<\/p>\n\n\n\n<h2 class=\"wp-block-heading\"><strong>\u00bfPara qu\u00e9 fines utilizaremos sus datos personales?<\/strong><\/h2>\n\n\n\n<p>De manera adicional, utilizaremos su informaci\u00f3n personal para las siguientes finalidades secundarias que&nbsp;<strong>no son necesarias<\/strong>&nbsp;para el servicio solicitado, pero que nos permiten y facilitan brindarle una mejor atenci\u00f3n:<\/p>\n\n\n\n<ul>\n<li>Conocer los servicios que busca<\/li>\n\n\n\n<li>Conocer las necesidades que busca<\/li>\n\n\n\n<li>Ofrecer una mejor experiencia<\/li>\n\n\n\n<li>Ofrecer calidad en atenci\u00f3n e informaci\u00f3n plasmada en nuestro sitio web<\/li>\n\n\n\n<li>Conocer las formas de navegaci\u00f3n dentro de nuestro sitio web<\/li>\n<\/ul>\n\n\n\n<p>En caso de que no desee que sus datos personales sean tratados para estos fines secundarios, desde este momento usted nos puede comunicar lo anterior a trav\u00e9s del siguiente mecanismo:<\/p>\n\n\n\n<p>Podr\u00e1 hacernos llegar un correo a info@drvictormendozaurologist.com<\/p>\n\n\n\n<p>La negativa para el uso de sus datos personales para estas finalidades no podr\u00e1 ser un motivo para que le neguemos los servicios y productos que solicita o contrata con nosotros.<\/p>\n\n\n\n<h2 class=\"wp-block-heading\"><strong>\u00bfD\u00f3nde puedo consultar el aviso de privacidad integral?<\/strong><\/h2>\n\n\n\n<p>Para conocer mayor informaci\u00f3n sobre los t\u00e9rminos y condiciones en que ser\u00e1n tratados sus datos personales, como los terceros con quienes compartimos su informaci\u00f3n personal y la forma en que podr\u00e1 ejercer sus derechos&nbsp;<a href=\"https:\/\/transparencia.senado.gob.mx\/documentos\/Guia_ejercer_derechos_ARCO.pdf\">ARCO<\/a>, puede consultar el aviso de privacidad integral en: visitar la secci\u00f3n de aviso de privacidad.<\/p>\n\n\n<p>[\/et_pb_text][\/et_pb_column]<br \/>\n\t\t\t[\/et_pb_row]<br \/>\n\t\t[\/et_pb_section]<\/p>","protected":false},"excerpt":{"rendered":"<p>Pol\u00edtica de privacidad \u00bfQui\u00e9nes somos? Innova en salud, con domicilio en Blvd. Gustavo D\u00edaz Ordaz 12649, Loc. 2-F, Fracc. El Para\u00edso 22106 Tijuana, Baja California, pa\u00eds M\u00e9xico, y portal de internet www.innovaensalud.com, responsable del uso y protecci\u00f3n de sus datos personales, y al respecto le informamos lo siguiente: \u00bfPara qu\u00e9 fines utilizaremos sus datos personales? [&hellip;]<\/p>\n","protected":false},"author":1,"featured_media":0,"parent":0,"menu_order":0,"comment_status":"closed","ping_status":"closed","template":"","meta":{"_et_pb_use_builder":"on","_et_pb_old_content":"<!-- wp:heading {\"level\":1} -->\n<h1 class=\"wp-block-heading\"><strong>Pol\u00edtica de privacidad<\/strong><\/h1>\n<!-- \/wp:heading -->\n\n<!-- wp:quote -->\n<blockquote class=\"wp-block-quote\"><!-- wp:heading -->\n<h2 class=\"wp-block-heading\"><strong>\u00bfQui\u00e9nes somos?<\/strong><\/h2>\n<!-- \/wp:heading -->\n\n<!-- wp:paragraph -->\n<p>Innova en salud, con domicilio en Blvd. Gustavo D\u00edaz Ordaz 12649, Loc. 2-F, Fracc. El Para\u00edso 22106 Tijuana, Baja California, pa\u00eds M\u00e9xico, y portal de internet www.innovaensalud.com, responsable del uso y protecci\u00f3n de sus datos personales, y al respecto le informamos lo siguiente:<\/p>\n<!-- \/wp:paragraph --><\/blockquote>\n<!-- \/wp:quote -->\n\n<!-- wp:heading -->\n<h2 class=\"wp-block-heading\"><strong>\u00bfPara qu\u00e9 fines utilizaremos sus datos personales?<\/strong><\/h2>\n<!-- \/wp:heading -->\n\n<!-- wp:paragraph -->\n<p>De manera adicional, utilizaremos su informaci\u00f3n personal para las siguientes finalidades secundarias que&nbsp;<strong>no son necesarias<\/strong>&nbsp;para el servicio solicitado, pero que nos permiten y facilitan brindarle una mejor atenci\u00f3n:<\/p>\n<!-- \/wp:paragraph -->\n\n<!-- wp:list -->\n<ul><!-- wp:list-item -->\n<li>Conocer los servicios que busca<\/li>\n<!-- \/wp:list-item -->\n\n<!-- wp:list-item -->\n<li>Conocer las necesidades que busca<\/li>\n<!-- \/wp:list-item -->\n\n<!-- wp:list-item -->\n<li>Ofrecer una mejor experiencia<\/li>\n<!-- \/wp:list-item -->\n\n<!-- wp:list-item -->\n<li>Ofrecer calidad en atenci\u00f3n e informaci\u00f3n plasmada en nuestro sitio web<\/li>\n<!-- \/wp:list-item -->\n\n<!-- wp:list-item -->\n<li>Conocer las formas de navegaci\u00f3n dentro de nuestro sitio web<\/li>\n<!-- \/wp:list-item --><\/ul>\n<!-- \/wp:list -->\n\n<!-- wp:paragraph -->\n<p>En caso de que no desee que sus datos personales sean tratados para estos fines secundarios, desde este momento usted nos puede comunicar lo anterior a trav\u00e9s del siguiente mecanismo:<\/p>\n<!-- \/wp:paragraph -->\n\n<!-- wp:paragraph -->\n<p>Podr\u00e1 hacernos llegar un correo a info@drvictormendozaurologist.com<\/p>\n<!-- \/wp:paragraph -->\n\n<!-- wp:paragraph -->\n<p>La negativa para el uso de sus datos personales para estas finalidades no podr\u00e1 ser un motivo para que le neguemos los servicios y productos que solicita o contrata con nosotros.<\/p>\n<!-- \/wp:paragraph -->\n\n<!-- wp:heading -->\n<h2 class=\"wp-block-heading\"><strong>\u00bfD\u00f3nde puedo consultar el aviso de privacidad integral?<\/strong><\/h2>\n<!-- \/wp:heading -->\n\n<!-- wp:paragraph -->\n<p>Para conocer mayor informaci\u00f3n sobre los t\u00e9rminos y condiciones en que ser\u00e1n tratados sus datos personales, como los terceros con quienes compartimos su informaci\u00f3n personal y la forma en que podr\u00e1 ejercer sus derechos&nbsp;<a href=\"https:\/\/transparencia.senado.gob.mx\/documentos\/Guia_ejercer_derechos_ARCO.pdf\">ARCO<\/a>, puede consultar el aviso de privacidad integral en: visitar la secci\u00f3n de aviso de privacidad.<\/p>\n<!-- \/wp:paragraph -->","_et_gb_content_width":"","footnotes":"","_joinchat":[]},"aioseo_notices":[],"yoast_head":"<!-- This site is optimized with the Yoast SEO plugin v21.7 - https:\/\/yoast.com\/wordpress\/plugins\/seo\/ -->\n<title>Aviso de privacidad - innovaensalud<\/title>\n<meta name=\"robots\" content=\"index, follow, max-snippet:-1, max-image-preview:large, max-video-preview:-1\" \/>\n<link rel=\"canonical\" href=\"https:\/\/innovaensalud.com\/index.php\/aviso-de-privacidad\/\" \/>\n<meta property=\"og:locale\" content=\"en_US\" \/>\n<meta property=\"og:type\" content=\"article\" \/>\n<meta property=\"og:title\" content=\"Aviso de privacidad - innovaensalud\" \/>\n<meta property=\"og:description\" content=\"Pol\u00edtica de privacidad \u00bfQui\u00e9nes somos? Innova en salud, con domicilio en Blvd. Gustavo D\u00edaz Ordaz 12649, Loc. 2-F, Fracc. El Para\u00edso 22106 Tijuana, Baja California, pa\u00eds M\u00e9xico, y portal de internet www.innovaensalud.com, responsable del uso y protecci\u00f3n de sus datos personales, y al respecto le informamos lo siguiente: \u00bfPara qu\u00e9 fines utilizaremos sus datos personales? [&hellip;]\" \/>\n<meta property=\"og:url\" content=\"https:\/\/innovaensalud.com\/index.php\/aviso-de-privacidad\/\" \/>\n<meta property=\"og:site_name\" content=\"innovaensalud\" \/>\n<meta property=\"article:modified_time\" content=\"2023-12-15T04:31:03+00:00\" \/>\n<meta name=\"twitter:card\" content=\"summary_large_image\" \/>\n<meta name=\"twitter:label1\" content=\"Est. reading time\" \/>\n\t<meta name=\"twitter:data1\" content=\"2 minutes\" \/>\n<script type=\"application\/ld+json\" class=\"yoast-schema-graph\">{\"@context\":\"https:\/\/schema.org\",\"@graph\":[{\"@type\":\"WebPage\",\"@id\":\"https:\/\/innovaensalud.com\/index.php\/aviso-de-privacidad\/\",\"url\":\"https:\/\/innovaensalud.com\/index.php\/aviso-de-privacidad\/\",\"name\":\"Aviso de privacidad - innovaensalud\",\"isPartOf\":{\"@id\":\"https:\/\/innovaensalud.com\/#website\"},\"datePublished\":\"2023-12-15T04:24:16+00:00\",\"dateModified\":\"2023-12-15T04:31:03+00:00\",\"breadcrumb\":{\"@id\":\"https:\/\/innovaensalud.com\/index.php\/aviso-de-privacidad\/#breadcrumb\"},\"inLanguage\":\"en-US\",\"potentialAction\":[{\"@type\":\"ReadAction\",\"target\":[\"https:\/\/innovaensalud.com\/index.php\/aviso-de-privacidad\/\"]}]},{\"@type\":\"BreadcrumbList\",\"@id\":\"https:\/\/innovaensalud.com\/index.php\/aviso-de-privacidad\/#breadcrumb\",\"itemListElement\":[{\"@type\":\"ListItem\",\"position\":1,\"name\":\"Home\",\"item\":\"https:\/\/innovaensalud.com\/\"},{\"@type\":\"ListItem\",\"position\":2,\"name\":\"Aviso de privacidad\"}]},{\"@type\":\"WebSite\",\"@id\":\"https:\/\/innovaensalud.com\/#website\",\"url\":\"https:\/\/innovaensalud.com\/\",\"name\":\"innovaensalud\",\"description\":\"los expertos en salud\",\"potentialAction\":[{\"@type\":\"SearchAction\",\"target\":{\"@type\":\"EntryPoint\",\"urlTemplate\":\"https:\/\/innovaensalud.com\/?s={search_term_string}\"},\"query-input\":\"required name=search_term_string\"}],\"inLanguage\":\"en-US\"}]}<\/script>\n<!-- \/ Yoast SEO plugin. -->","yoast_head_json":{"title":"Aviso de privacidad - innovaensalud","robots":{"index":"index","follow":"follow","max-snippet":"max-snippet:-1","max-image-preview":"max-image-preview:large","max-video-preview":"max-video-preview:-1"},"canonical":"https:\/\/innovaensalud.com\/index.php\/aviso-de-privacidad\/","og_locale":"en_US","og_type":"article","og_title":"Aviso de privacidad - innovaensalud","og_description":"Pol\u00edtica de privacidad \u00bfQui\u00e9nes somos? Innova en salud, con domicilio en Blvd. Gustavo D\u00edaz Ordaz 12649, Loc. 2-F, Fracc. El Para\u00edso 22106 Tijuana, Baja California, pa\u00eds M\u00e9xico, y portal de internet www.innovaensalud.com, responsable del uso y protecci\u00f3n de sus datos personales, y al respecto le informamos lo siguiente: \u00bfPara qu\u00e9 fines utilizaremos sus datos personales? [&hellip;]","og_url":"https:\/\/innovaensalud.com\/index.php\/aviso-de-privacidad\/","og_site_name":"innovaensalud","article_modified_time":"2023-12-15T04:31:03+00:00","twitter_card":"summary_large_image","twitter_misc":{"Est. reading time":"2 minutes"},"schema":{"@context":"https:\/\/schema.org","@graph":[{"@type":"WebPage","@id":"https:\/\/innovaensalud.com\/index.php\/aviso-de-privacidad\/","url":"https:\/\/innovaensalud.com\/index.php\/aviso-de-privacidad\/","name":"Aviso de privacidad - innovaensalud","isPartOf":{"@id":"https:\/\/innovaensalud.com\/#website"},"datePublished":"2023-12-15T04:24:16+00:00","dateModified":"2023-12-15T04:31:03+00:00","breadcrumb":{"@id":"https:\/\/innovaensalud.com\/index.php\/aviso-de-privacidad\/#breadcrumb"},"inLanguage":"en-US","potentialAction":[{"@type":"ReadAction","target":["https:\/\/innovaensalud.com\/index.php\/aviso-de-privacidad\/"]}]},{"@type":"BreadcrumbList","@id":"https:\/\/innovaensalud.com\/index.php\/aviso-de-privacidad\/#breadcrumb","itemListElement":[{"@type":"ListItem","position":1,"name":"Home","item":"https:\/\/innovaensalud.com\/"},{"@type":"ListItem","position":2,"name":"Aviso de privacidad"}]},{"@type":"WebSite","@id":"https:\/\/innovaensalud.com\/#website","url":"https:\/\/innovaensalud.com\/","name":"innovaensalud","description":"los expertos en salud","potentialAction":[{"@type":"SearchAction","target":{"@type":"EntryPoint","urlTemplate":"https:\/\/innovaensalud.com\/?s={search_term_string}"},"query-input":"required name=search_term_string"}],"inLanguage":"en-US"}]}},"_links":{"self":[{"href":"https:\/\/innovaensalud.com\/index.php\/wp-json\/wp\/v2\/pages\/92"}],"collection":[{"href":"https:\/\/innovaensalud.com\/index.php\/wp-json\/wp\/v2\/pages"}],"about":[{"href":"https:\/\/innovaensalud.com\/index.php\/wp-json\/wp\/v2\/types\/page"}],"author":[{"embeddable":true,"href":"https:\/\/innovaensalud.com\/index.php\/wp-json\/wp\/v2\/users\/1"}],"replies":[{"embeddable":true,"href":"https:\/\/innovaensalud.com\/index.php\/wp-json\/wp\/v2\/comments?post=92"}],"version-history":[{"count":3,"href":"https:\/\/innovaensalud.com\/index.php\/wp-json\/wp\/v2\/pages\/92\/revisions"}],"predecessor-version":[{"id":96,"href":"https:\/\/innovaensalud.com\/index.php\/wp-json\/wp\/v2\/pages\/92\/revisions\/96"}],"wp:attachment":[{"href":"https:\/\/innovaensalud.com\/index.php\/wp-json\/wp\/v2\/media?parent=92"}],"curies":[{"name":"wp","href":"https:\/\/api.w.org\/{rel}","templated":true}]}}